{"id":54,"date":"2024-09-17T19:54:32","date_gmt":"2024-09-17T18:54:32","guid":{"rendered":"https:\/\/yoagenciadeportivo.es\/?page_id=54"},"modified":"2024-09-18T22:09:15","modified_gmt":"2024-09-18T20:09:15","slug":"hirek","status":"publish","type":"page","link":"https:\/\/yoagenciadeportivo.es\/es\/hirek\/","title":{"rendered":"Noticias"},"content":{"rendered":"<div data-elementor-type=\"wp-page\" data-elementor-id=\"54\" class=\"elementor elementor-54\" data-elementor-post-type=\"page\">\n\t\t\t\t<div class=\"elementor-element elementor-element-dbd30ec e-flex e-con-boxed e-con e-parent\" data-id=\"dbd30ec\" data-element_type=\"container\">\n\t\t\t\t\t<div class=\"e-con-inner\">\n\t\t\t\t<div class=\"elementor-element elementor-element-788b9af elementor-widget elementor-widget-heading\" data-id=\"788b9af\" data-element_type=\"widget\" data-widget_type=\"heading.default\">\n\t\t\t\t<div class=\"elementor-widget-container\">\n\t\t\t<h3 class=\"elementor-heading-title elementor-size-default\">Noticias<\/h3>\t\t<\/div>\n\t\t\t\t<\/div>\n\t\t\t\t\t<\/div>\n\t\t\t\t<\/div>\n\t\t<div class=\"elementor-element elementor-element-eca7c6b e-flex e-con-boxed e-con e-parent\" data-id=\"eca7c6b\" data-element_type=\"container\">\n\t\t\t\t\t<div class=\"e-con-inner\">\n\t\t\t\t<div class=\"elementor-element elementor-element-382f692 elementor-widget elementor-widget-search\" data-id=\"382f692\" data-element_type=\"widget\" data-settings=\"{&quot;submit_trigger&quot;:&quot;both&quot;}\" data-widget_type=\"search.default\">\n\t\t\t\t<div class=\"elementor-widget-container\">\n\t\t\t\t\t<search class=\"e-search hidden\" role=\"search\">\n\t\t\t<form class=\"e-search-form\" action=\"https:\/\/yoagenciadeportivo.es\/es\" method=\"get\" data-trp-original-action=\"https:\/\/yoagenciadeportivo.es\/es\">\n\n\t\t\t\t\n\t\t\t\t<label class=\"e-search-label\" for=\"search-382f692\">\n\t\t\t\t\t<span class=\"elementor-screen-only\">\n\t\t\t\t\t\tSearch\t\t\t\t\t<\/span>\n\t\t\t\t\t\t\t\t\t<\/label>\n\n\t\t\t\t<div class=\"e-search-input-wrapper\">\n\t\t\t\t\t<input id=\"search-382f692\" placeholder=\"keres\u00e9s...\" class=\"e-search-input\" type=\"search\" name=\"s\" value=\"\" autocomplete=\"off\" role=\"combobox\" aria-autocomplete=\"list\" aria-expanded=\"false\" aria-controls=\"results-382f692\" aria-haspopup=\"listbox\">\n\t\t\t\t\t<svg aria-hidden=\"true\" class=\"e-font-icon-svg e-fas-times\" viewbox=\"0 0 352 512\" xmlns=\"http:\/\/www.w3.org\/2000\/svg\"><path d=\"M242.72 256l100.07-100.07c12.28-12.28 12.28-32.19 0-44.48l-22.24-22.24c-12.28-12.28-32.19-12.28-44.48 0L176 189.28 75.93 89.21c-12.28-12.28-32.19-12.28-44.48 0L9.21 111.45c-12.28 12.28-12.28 32.19 0 44.48L109.28 256 9.21 356.07c-12.28 12.28-12.28 32.19 0 44.48l22.24 22.24c12.28 12.28 32.2 12.28 44.48 0L176 322.72l100.07 100.07c12.28 12.28 32.2 12.28 44.48 0l22.24-22.24c12.28-12.28 12.28-32.19 0-44.48L242.72 256z\"><\/path><\/svg>\t\t\t\t\t<output id=\"results-382f692\" class=\"e-search-results\" aria-live=\"polite\" aria-atomic=\"true\" aria-label=\"Results for search\" tabindex=\"0\">\n\t\t\t\t\t<\/output>\n\t\t\t\t<\/div>\n\n\t\t\t\t\n\t\t\t\t<button class=\"e-search-submit\" type=\"submit\">\n\t\t\t\t\t<svg aria-hidden=\"true\" class=\"e-font-icon-svg e-fas-search\" viewbox=\"0 0 512 512\" xmlns=\"http:\/\/www.w3.org\/2000\/svg\"><path d=\"M505 442.7L405.3 343c-4.5-4.5-10.6-7-17-7H372c27.6-35.3 44-79.7 44-128C416 93.1 322.9 0 208 0S0 93.1 0 208s93.1 208 208 208c48.3 0 92.7-16.4 128-44v16.3c0 6.4 2.5 12.5 7 17l99.7 99.7c9.4 9.4 24.6 9.4 33.9 0l28.3-28.3c9.4-9.4 9.4-24.6.1-34zM208 336c-70.7 0-128-57.2-128-128 0-70.7 57.2-128 128-128 70.7 0 128 57.2 128 128 0 70.7-57.2 128-128 128z\"><\/path><\/svg>\n\t\t\t\t\t<span class=\"\">\n\t\t\t\t\t\t\t\t\t\t\t<\/span>\n\t\t\t\t<\/button>\n\t\t\t\t<input type=\"hidden\" name=\"e_search_query\" value=\"{&quot;posts_per_page&quot;:-1,&quot;post_status&quot;:&quot;publish&quot;,&quot;post_type&quot;:&quot;any&quot;,&quot;ignore_sticky_posts&quot;:false,&quot;date_query&quot;:[]}\">\n\t\t\t<input type=\"hidden\" name=\"trp-form-language\" value=\"es\"\/><\/form>\n\t\t<\/search>\n\t\t\t\t<\/div>\n\t\t\t\t<\/div>\n\t\t\t\t\t<\/div>\n\t\t\t\t<\/div>\n\t\t<div class=\"elementor-element elementor-element-9c2d966 e-flex e-con-boxed e-con e-parent\" data-id=\"9c2d966\" data-element_type=\"container\">\n\t\t\t\t\t<div class=\"e-con-inner\">\n\t\t\t\t<div class=\"elementor-element elementor-element-a84bb6f elementor-grid-3 elementor-grid-tablet-2 elementor-grid-mobile-1 elementor-posts--thumbnail-top elementor-widget elementor-widget-posts\" data-id=\"a84bb6f\" data-element_type=\"widget\" data-settings=\"{&quot;classic_columns&quot;:&quot;3&quot;,&quot;classic_columns_tablet&quot;:&quot;2&quot;,&quot;classic_columns_mobile&quot;:&quot;1&quot;,&quot;classic_row_gap&quot;:{&quot;unit&quot;:&quot;px&quot;,&quot;size&quot;:35,&quot;sizes&quot;:[]},&quot;classic_row_gap_tablet&quot;:{&quot;unit&quot;:&quot;px&quot;,&quot;size&quot;:&quot;&quot;,&quot;sizes&quot;:[]},&quot;classic_row_gap_mobile&quot;:{&quot;unit&quot;:&quot;px&quot;,&quot;size&quot;:&quot;&quot;,&quot;sizes&quot;:[]}}\" data-widget_type=\"posts.classic\">\n\t\t\t\t<div class=\"elementor-widget-container\">\n\t\t\t\t\t<div class=\"elementor-posts-container elementor-posts elementor-posts--skin-classic elementor-grid\">\n\t\t\t\t<article class=\"elementor-post elementor-grid-item post-273 post type-post status-publish format-standard has-post-thumbnail hentry category-hirek tag-lestyan-lionel\">\n\t\t\t\t<a class=\"elementor-post__thumbnail__link\" href=\"https:\/\/yoagenciadeportivo.es\/es\/2024\/10\/13\/fontos-gyozelmet-arattak-lestyan-lionelek\/\" tabindex=\"-1\" >\n\t\t\t<div class=\"elementor-post__thumbnail\"><img fetchpriority=\"high\" decoding=\"async\" width=\"300\" height=\"194\" src=\"https:\/\/yoagenciadeportivo.es\/wp-content\/uploads\/2024\/10\/lestyan-300x194.jpg\" class=\"attachment-medium size-medium wp-image-275\" alt=\"\" srcset=\"https:\/\/yoagenciadeportivo.es\/wp-content\/uploads\/2024\/10\/lestyan-300x194.jpg 300w, https:\/\/yoagenciadeportivo.es\/wp-content\/uploads\/2024\/10\/lestyan-1024x662.jpg 1024w, https:\/\/yoagenciadeportivo.es\/wp-content\/uploads\/2024\/10\/lestyan-768x496.jpg 768w, https:\/\/yoagenciadeportivo.es\/wp-content\/uploads\/2024\/10\/lestyan-18x12.jpg 18w, https:\/\/yoagenciadeportivo.es\/wp-content\/uploads\/2024\/10\/lestyan.jpg 1054w\" sizes=\"(max-width: 300px) 100vw, 300px\" \/><\/div>\n\t\t<\/a>\n\t\t\t\t<div class=\"elementor-post__text\">\n\t\t\t\t<h3 class=\"elementor-post__title\">\n\t\t\t<a href=\"https:\/\/yoagenciadeportivo.es\/es\/2024\/10\/13\/fontos-gyozelmet-arattak-lestyan-lionelek\/\" >\n\t\t\t\tFontos gy\u0151zelmet arattak Lesty\u00e1n Lionel\u00e9k\t\t\t<\/a>\n\t\t<\/h3>\n\t\t\t\t<div class=\"elementor-post__meta-data\">\n\t\t\t\t\t<span class=\"elementor-post-date\">\n\t\t\toctubre 13, 2024\t\t<\/span>\n\t\t\t\t<span class=\"elementor-post-avatar\">\n\t\t\tNo hay comentarios\t\t<\/span>\n\t\t\t\t<\/div>\n\t\t\t\t<div class=\"elementor-post__excerpt\">\n\t\t\t<p>A Tiszaf\u00f6ldv\u00e1r SE Lesty\u00e1n Lionellel a soraiban hamis\u00edtatlan hatpontos derbit nyert meg 2-1-re a P\u00e9nz\u00fcgy\u0151r vend\u00e9gek\u00e9nt az NB III. D\u00e9l-Keleti csoportj\u00e1ban. A 22 esztend\u0151s v\u00e9dekez\u0151<\/p>\n\t\t<\/div>\n\t\t\n\t\t<a class=\"elementor-post__read-more\" href=\"https:\/\/yoagenciadeportivo.es\/es\/2024\/10\/13\/fontos-gyozelmet-arattak-lestyan-lionelek\/\" aria-label=\"Read more about Fontos gy\u0151zelmet arattak Lesty\u00e1n Lionel\u00e9k\" tabindex=\"-1\" >\n\t\t\tTov\u00e1bb olvasom \u00bb\t\t<\/a>\n\n\t\t\t\t<\/div>\n\t\t\t\t<\/article>\n\t\t\t\t<article class=\"elementor-post elementor-grid-item post-267 post type-post status-publish format-standard has-post-thumbnail hentry category-hirek tag-maronyay-zalan\">\n\t\t\t\t<a class=\"elementor-post__thumbnail__link\" href=\"https:\/\/yoagenciadeportivo.es\/es\/2024\/09\/22\/maronyay-zalan-eloszor-kezdett-az-nb-ii-ben\/\" tabindex=\"-1\" >\n\t\t\t<div class=\"elementor-post__thumbnail\"><img decoding=\"async\" width=\"300\" height=\"200\" src=\"https:\/\/yoagenciadeportivo.es\/wp-content\/uploads\/2024\/10\/maronyai_gyirmot-300x200.jpg\" class=\"attachment-medium size-medium wp-image-269\" alt=\"\" srcset=\"https:\/\/yoagenciadeportivo.es\/wp-content\/uploads\/2024\/10\/maronyai_gyirmot-300x200.jpg 300w, https:\/\/yoagenciadeportivo.es\/wp-content\/uploads\/2024\/10\/maronyai_gyirmot-1024x683.jpg 1024w, https:\/\/yoagenciadeportivo.es\/wp-content\/uploads\/2024\/10\/maronyai_gyirmot-768x512.jpg 768w, https:\/\/yoagenciadeportivo.es\/wp-content\/uploads\/2024\/10\/maronyai_gyirmot-1536x1024.jpg 1536w, https:\/\/yoagenciadeportivo.es\/wp-content\/uploads\/2024\/10\/maronyai_gyirmot-18x12.jpg 18w, https:\/\/yoagenciadeportivo.es\/wp-content\/uploads\/2024\/10\/maronyai_gyirmot.jpg 1920w\" sizes=\"(max-width: 300px) 100vw, 300px\" \/><\/div>\n\t\t<\/a>\n\t\t\t\t<div class=\"elementor-post__text\">\n\t\t\t\t<h3 class=\"elementor-post__title\">\n\t\t\t<a href=\"https:\/\/yoagenciadeportivo.es\/es\/2024\/09\/22\/maronyay-zalan-eloszor-kezdett-az-nb-ii-ben\/\" >\n\t\t\t\tMaronyay Zal\u00e1n el\u0151sz\u00f6r kezdett az NB II-ben\t\t\t<\/a>\n\t\t<\/h3>\n\t\t\t\t<div class=\"elementor-post__meta-data\">\n\t\t\t\t\t<span class=\"elementor-post-date\">\n\t\t\tseptiembre 22, 2024\t\t<\/span>\n\t\t\t\t<span class=\"elementor-post-avatar\">\n\t\t\tNo hay comentarios\t\t<\/span>\n\t\t\t\t<\/div>\n\t\t\t\t<div class=\"elementor-post__excerpt\">\n\t\t\t<p>Maronyay Zal\u00e1n el\u0151sz\u00f6r ker\u00fclt be a B\u00e9k\u00e9scsaba kezd\u0151csapat\u00e1ba a Gyirm\u00f3t elleni Merkantil Bank Liga m\u00e9rk\u0151z\u00e9sen. A 18 \u00e9ves sz\u00e9ls\u0151 t\u00e1mad\u00f3 55 percet t\u00f6lt\u00f6tt a p\u00e1ly\u00e1n,<\/p>\n\t\t<\/div>\n\t\t\n\t\t<a class=\"elementor-post__read-more\" href=\"https:\/\/yoagenciadeportivo.es\/es\/2024\/09\/22\/maronyay-zalan-eloszor-kezdett-az-nb-ii-ben\/\" aria-label=\"Read more about Maronyay Zal\u00e1n el\u0151sz\u00f6r kezdett az NB II-ben\" tabindex=\"-1\" >\n\t\t\tTov\u00e1bb olvasom \u00bb\t\t<\/a>\n\n\t\t\t\t<\/div>\n\t\t\t\t<\/article>\n\t\t\t\t<article class=\"elementor-post elementor-grid-item post-277 post type-post status-publish format-standard has-post-thumbnail hentry category-hirek tag-pinter-mate\">\n\t\t\t\t<a class=\"elementor-post__thumbnail__link\" href=\"https:\/\/yoagenciadeportivo.es\/es\/2024\/08\/29\/pinter-mate-duplazott\/\" tabindex=\"-1\" >\n\t\t\t<div class=\"elementor-post__thumbnail\"><img decoding=\"async\" width=\"300\" height=\"203\" src=\"https:\/\/yoagenciadeportivo.es\/wp-content\/uploads\/2024\/10\/pinter-mate-300x203.jpg\" class=\"attachment-medium size-medium wp-image-279\" alt=\"\" srcset=\"https:\/\/yoagenciadeportivo.es\/wp-content\/uploads\/2024\/10\/pinter-mate-300x203.jpg 300w, https:\/\/yoagenciadeportivo.es\/wp-content\/uploads\/2024\/10\/pinter-mate-1024x693.jpg 1024w, https:\/\/yoagenciadeportivo.es\/wp-content\/uploads\/2024\/10\/pinter-mate-768x520.jpg 768w, https:\/\/yoagenciadeportivo.es\/wp-content\/uploads\/2024\/10\/pinter-mate-1536x1040.jpg 1536w, https:\/\/yoagenciadeportivo.es\/wp-content\/uploads\/2024\/10\/pinter-mate-18x12.jpg 18w, https:\/\/yoagenciadeportivo.es\/wp-content\/uploads\/2024\/10\/pinter-mate.jpg 2048w\" sizes=\"(max-width: 300px) 100vw, 300px\" \/><\/div>\n\t\t<\/a>\n\t\t\t\t<div class=\"elementor-post__text\">\n\t\t\t\t<h3 class=\"elementor-post__title\">\n\t\t\t<a href=\"https:\/\/yoagenciadeportivo.es\/es\/2024\/08\/29\/pinter-mate-duplazott\/\" >\n\t\t\t\tPint\u00e9r M\u00e1t\u00e9 dupl\u00e1zott\t\t\t<\/a>\n\t\t<\/h3>\n\t\t\t\t<div class=\"elementor-post__meta-data\">\n\t\t\t\t\t<span class=\"elementor-post-date\">\n\t\t\tagosto 29, 2024\t\t<\/span>\n\t\t\t\t<span class=\"elementor-post-avatar\">\n\t\t\tNo hay comentarios\t\t<\/span>\n\t\t\t\t<\/div>\n\t\t\t\t<div class=\"elementor-post__excerpt\">\n\t\t\t<p>Pint\u00e9r M\u00e1t\u00e9 vez\u00e9rlet\u00e9vel a Budapest Honv\u00e9d II. 4-1-re legy\u0151zte a Tiszaf\u00f6ldv\u00e1rt az NB III. D\u00e9l-Keleti csoport 5. fordul\u00f3j\u00e1ban. A 19 \u00e9ves csapatkapit\u00e1ny k\u00e9t g\u00f3llal vette<\/p>\n\t\t<\/div>\n\t\t\n\t\t<a class=\"elementor-post__read-more\" href=\"https:\/\/yoagenciadeportivo.es\/es\/2024\/08\/29\/pinter-mate-duplazott\/\" aria-label=\"Read more about Pint\u00e9r M\u00e1t\u00e9 dupl\u00e1zott\" tabindex=\"-1\" >\n\t\t\tTov\u00e1bb olvasom \u00bb\t\t<\/a>\n\n\t\t\t\t<\/div>\n\t\t\t\t<\/article>\n\t\t\t\t<\/div>\n\t\t\n\t\t\t\t<\/div>\n\t\t\t\t<\/div>\n\t\t\t\t\t<\/div>\n\t\t\t\t<\/div>\n\t\t\t\t<\/div>","protected":false},"excerpt":{"rendered":"<p>H\u00edrek Keres\u00e9s<\/p>","protected":false},"author":1,"featured_media":0,"parent":0,"menu_order":0,"comment_status":"closed","ping_status":"closed","template":"","meta":{"footnotes":""},"class_list":["post-54","page","type-page","status-publish","hentry"],"_links":{"self":[{"href":"https:\/\/yoagenciadeportivo.es\/es\/wp-json\/wp\/v2\/pages\/54","targetHints":{"allow":["GET"]}}],"collection":[{"href":"https:\/\/yoagenciadeportivo.es\/es\/wp-json\/wp\/v2\/pages"}],"about":[{"href":"https:\/\/yoagenciadeportivo.es\/es\/wp-json\/wp\/v2\/types\/page"}],"author":[{"embeddable":true,"href":"https:\/\/yoagenciadeportivo.es\/es\/wp-json\/wp\/v2\/users\/1"}],"replies":[{"embeddable":true,"href":"https:\/\/yoagenciadeportivo.es\/es\/wp-json\/wp\/v2\/comments?post=54"}],"version-history":[{"count":7,"href":"https:\/\/yoagenciadeportivo.es\/es\/wp-json\/wp\/v2\/pages\/54\/revisions"}],"predecessor-version":[{"id":178,"href":"https:\/\/yoagenciadeportivo.es\/es\/wp-json\/wp\/v2\/pages\/54\/revisions\/178"}],"wp:attachment":[{"href":"https:\/\/yoagenciadeportivo.es\/es\/wp-json\/wp\/v2\/media?parent=54"}],"curies":[{"name":"wp","href":"https:\/\/api.w.org\/{rel}","templated":true}]}}