{"id":48,"date":"2024-09-17T19:53:37","date_gmt":"2024-09-17T18:53:37","guid":{"rendered":"https:\/\/yoagenciadeportivo.es\/?page_id=48"},"modified":"2024-09-19T19:23:06","modified_gmt":"2024-09-19T17:23:06","slug":"szolgaltatas","status":"publish","type":"page","link":"https:\/\/yoagenciadeportivo.es\/es\/szolgaltatas\/","title":{"rendered":"Servicios"},"content":{"rendered":"<div data-elementor-type=\"wp-page\" data-elementor-id=\"48\" class=\"elementor elementor-48\" data-elementor-post-type=\"page\">\n\t\t\t\t<div class=\"elementor-element elementor-element-7cdec425 e-con-full e-flex e-con e-parent\" data-id=\"7cdec425\" data-element_type=\"container\" data-settings=\"{&quot;background_background&quot;:&quot;classic&quot;}\">\n\t\t\t\t<div class=\"elementor-element elementor-element-7b122aaa animated-slow elementor-invisible elementor-widget elementor-widget-heading\" data-id=\"7b122aaa\" data-element_type=\"widget\" data-settings=\"{&quot;_animation&quot;:&quot;slideInUp&quot;}\" data-widget_type=\"heading.default\">\n\t\t\t\t<div class=\"elementor-widget-container\">\n\t\t\t<h2 class=\"elementor-heading-title elementor-size-default\">Servicios<\/h2>\t\t<\/div>\n\t\t\t\t<\/div>\n\t\t\t\t<div class=\"elementor-element elementor-element-44203e8b animated-slow elementor-invisible elementor-widget elementor-widget-heading\" data-id=\"44203e8b\" data-element_type=\"widget\" data-settings=\"{&quot;_animation&quot;:&quot;slideInUp&quot;}\" data-widget_type=\"heading.default\">\n\t\t\t\t<div class=\"elementor-widget-container\">\n\t\t\t<h2 class=\"elementor-heading-title elementor-size-default\">Eddigi sikerek<\/h2>\t\t<\/div>\n\t\t\t\t<\/div>\n\t\t<div class=\"elementor-element elementor-element-40c0a8d1 e-con-full e-flex e-con e-child\" data-id=\"40c0a8d1\" data-element_type=\"container\">\n\t\t<div class=\"elementor-element elementor-element-6c01426b e-con-full e-flex e-con e-child\" data-id=\"6c01426b\" data-element_type=\"container\">\n\t\t\t\t<div class=\"elementor-element elementor-element-676a4b8f elementor-widget-divider--view-line elementor-widget elementor-widget-divider\" data-id=\"676a4b8f\" data-element_type=\"widget\" data-widget_type=\"divider.default\">\n\t\t\t\t<div class=\"elementor-widget-container\">\n\t\t\t\t\t<div class=\"elementor-divider\">\n\t\t\t<span class=\"elementor-divider-separator\">\n\t\t\t\t\t\t<\/span>\n\t\t<\/div>\n\t\t\t\t<\/div>\n\t\t\t\t<\/div>\n\t\t\t\t<div class=\"elementor-element elementor-element-74f4497b elementor-widget elementor-widget-counter\" data-id=\"74f4497b\" data-element_type=\"widget\" data-widget_type=\"counter.default\">\n\t\t\t\t<div class=\"elementor-widget-container\">\n\t\t\t\t\t<div class=\"elementor-counter\">\n\t\t\t<div class=\"elementor-counter-title\">Igazol\u00e1s<\/div>\t\t\t<div class=\"elementor-counter-number-wrapper\">\n\t\t\t\t<span class=\"elementor-counter-number-prefix\"><\/span>\n\t\t\t\t<span class=\"elementor-counter-number\" data-duration=\"2000\" data-to-value=\"3\" data-from-value=\"0\" data-delimiter=\",\">0<\/span>\n\t\t\t\t<span class=\"elementor-counter-number-suffix\"><\/span>\n\t\t\t<\/div>\n\t\t<\/div>\n\t\t\t\t<\/div>\n\t\t\t\t<\/div>\n\t\t\t\t<\/div>\n\t\t<div class=\"elementor-element elementor-element-5bbbb3e8 e-con-full e-flex e-con e-child\" data-id=\"5bbbb3e8\" data-element_type=\"container\">\n\t\t\t\t<div class=\"elementor-element elementor-element-2cfb89de elementor-widget-divider--view-line elementor-widget elementor-widget-divider\" data-id=\"2cfb89de\" data-element_type=\"widget\" data-widget_type=\"divider.default\">\n\t\t\t\t<div class=\"elementor-widget-container\">\n\t\t\t\t\t<div class=\"elementor-divider\">\n\t\t\t<span class=\"elementor-divider-separator\">\n\t\t\t\t\t\t<\/span>\n\t\t<\/div>\n\t\t\t\t<\/div>\n\t\t\t\t<\/div>\n\t\t\t\t<div class=\"elementor-element elementor-element-2f9d0cb9 elementor-widget elementor-widget-counter\" data-id=\"2f9d0cb9\" data-element_type=\"widget\" data-widget_type=\"counter.default\">\n\t\t\t\t<div class=\"elementor-widget-container\">\n\t\t\t\t\t<div class=\"elementor-counter\">\n\t\t\t<div class=\"elementor-counter-title\">Klub<\/div>\t\t\t<div class=\"elementor-counter-number-wrapper\">\n\t\t\t\t<span class=\"elementor-counter-number-prefix\"><\/span>\n\t\t\t\t<span class=\"elementor-counter-number\" data-duration=\"2000\" data-to-value=\"2\" data-from-value=\"0\" data-delimiter=\",\">0<\/span>\n\t\t\t\t<span class=\"elementor-counter-number-suffix\"><\/span>\n\t\t\t<\/div>\n\t\t<\/div>\n\t\t\t\t<\/div>\n\t\t\t\t<\/div>\n\t\t\t\t<\/div>\n\t\t<div class=\"elementor-element elementor-element-1539101a e-con-full e-flex e-con e-child\" data-id=\"1539101a\" data-element_type=\"container\">\n\t\t\t\t<div class=\"elementor-element elementor-element-35237274 elementor-widget-divider--view-line elementor-widget elementor-widget-divider\" data-id=\"35237274\" data-element_type=\"widget\" data-widget_type=\"divider.default\">\n\t\t\t\t<div class=\"elementor-widget-container\">\n\t\t\t\t\t<div class=\"elementor-divider\">\n\t\t\t<span class=\"elementor-divider-separator\">\n\t\t\t\t\t\t<\/span>\n\t\t<\/div>\n\t\t\t\t<\/div>\n\t\t\t\t<\/div>\n\t\t\t\t<div class=\"elementor-element elementor-element-15fbfc02 elementor-widget elementor-widget-counter\" data-id=\"15fbfc02\" data-element_type=\"widget\" data-widget_type=\"counter.default\">\n\t\t\t\t<div class=\"elementor-widget-container\">\n\t\t\t\t\t<div class=\"elementor-counter\">\n\t\t\t<div class=\"elementor-counter-title\">Szerz\u0151d\u00e9s<\/div>\t\t\t<div class=\"elementor-counter-number-wrapper\">\n\t\t\t\t<span class=\"elementor-counter-number-prefix\"><\/span>\n\t\t\t\t<span class=\"elementor-counter-number\" data-duration=\"2000\" data-to-value=\"4\" data-from-value=\"0\" data-delimiter=\",\">0<\/span>\n\t\t\t\t<span class=\"elementor-counter-number-suffix\"><\/span>\n\t\t\t<\/div>\n\t\t<\/div>\n\t\t\t\t<\/div>\n\t\t\t\t<\/div>\n\t\t\t\t<\/div>\n\t\t\t\t<\/div>\n\t\t\t\t<\/div>\n\t\t<div class=\"elementor-element elementor-element-68b9fc7 e-flex e-con-boxed e-con e-parent\" data-id=\"68b9fc7\" data-element_type=\"container\" data-settings=\"{&quot;background_background&quot;:&quot;classic&quot;}\">\n\t\t\t\t\t<div class=\"e-con-inner\">\n\t\t<div class=\"elementor-element elementor-element-131c5357 e-con-full e-flex e-con e-child\" data-id=\"131c5357\" data-element_type=\"container\">\n\t\t<div class=\"elementor-element elementor-element-512af1ed e-con-full e-flex e-con e-child\" data-id=\"512af1ed\" data-element_type=\"container\">\n\t\t\t\t<div class=\"elementor-element elementor-element-46c69fc6 elementor-widget elementor-widget-heading\" data-id=\"46c69fc6\" data-element_type=\"widget\" data-widget_type=\"heading.default\">\n\t\t\t\t<div class=\"elementor-widget-container\">\n\t\t\t<h3 class=\"elementor-heading-title elementor-size-default\">Tan\u00e1csad\u00e1s<\/h3>\t\t<\/div>\n\t\t\t\t<\/div>\n\t\t\t\t<div class=\"elementor-element elementor-element-656157a6 elementor-position-top elementor-widget elementor-widget-image-box\" data-id=\"656157a6\" data-element_type=\"widget\" data-widget_type=\"image-box.default\">\n\t\t\t\t<div class=\"elementor-widget-container\">\n\t\t\t<div class=\"elementor-image-box-wrapper\"><figure class=\"elementor-image-box-img\"><img decoding=\"async\" src=\"https:\/\/yoagenciadeportivo.es\/wp-content\/uploads\/2024\/09\/pexels-sora-shimazaki-5668862-scaled-e1726764769418.jpg\" title=\"pexels-sora-shimazaki-5668862\" alt=\"pexels-sora-shimazaki-5668862\" loading=\"lazy\" \/><\/figure><div class=\"elementor-image-box-content\"><p class=\"elementor-image-box-description\">Jogi, p\u00e9nz\u00fcgyi, eg\u00e9szs\u00e9g\u00fcgyi konzult\u00e1ci\u00f3 szervez\u00e9se<\/p><\/div><\/div>\t\t<\/div>\n\t\t\t\t<\/div>\n\t\t\t\t<\/div>\n\t\t<div class=\"elementor-element elementor-element-31159cb6 e-con-full e-flex e-con e-child\" data-id=\"31159cb6\" data-element_type=\"container\">\n\t\t\t\t<div class=\"elementor-element elementor-element-20c2ba9c elementor-widget elementor-widget-heading\" data-id=\"20c2ba9c\" data-element_type=\"widget\" data-widget_type=\"heading.default\">\n\t\t\t\t<div class=\"elementor-widget-container\">\n\t\t\t<h3 class=\"elementor-heading-title elementor-size-default\">menedzsment<\/h3>\t\t<\/div>\n\t\t\t\t<\/div>\n\t\t\t\t<div class=\"elementor-element elementor-element-1fbe8408 elementor-position-top elementor-widget elementor-widget-image-box\" data-id=\"1fbe8408\" data-element_type=\"widget\" data-widget_type=\"image-box.default\">\n\t\t\t\t<div class=\"elementor-widget-container\">\n\t\t\t<div class=\"elementor-image-box-wrapper\"><figure class=\"elementor-image-box-img\"><img decoding=\"async\" src=\"https:\/\/yoagenciadeportivo.es\/wp-content\/uploads\/2024\/09\/pexels-kevin-mccartney-254343-774321-scaled-e1726765553807.jpg\" title=\"pexels-kevin-mccartney-254343-774321\" alt=\"pexels-kevin-mccartney-254343-774321\" loading=\"lazy\" \/><\/figure><div class=\"elementor-image-box-content\"><p class=\"elementor-image-box-description\">Marketing strat\u00e9gia kialak\u00edt\u00e1sa, k\u00f6z\u00f6ss\u00e9gi m\u00e9dia, arculati jogok <\/p><\/div><\/div>\t\t<\/div>\n\t\t\t\t<\/div>\n\t\t\t\t<\/div>\n\t\t<div class=\"elementor-element elementor-element-3a75f33f e-con-full e-flex e-con e-child\" data-id=\"3a75f33f\" data-element_type=\"container\">\n\t\t\t\t<div class=\"elementor-element elementor-element-6cf1f804 elementor-widget elementor-widget-heading\" data-id=\"6cf1f804\" data-element_type=\"widget\" data-widget_type=\"heading.default\">\n\t\t\t\t<div class=\"elementor-widget-container\">\n\t\t\t<h3 class=\"elementor-heading-title elementor-size-default\">szakmai k\u00e9pviselet<\/h3>\t\t<\/div>\n\t\t\t\t<\/div>\n\t\t\t\t<div class=\"elementor-element elementor-element-15a35512 elementor-position-top elementor-widget elementor-widget-image-box\" data-id=\"15a35512\" data-element_type=\"widget\" data-widget_type=\"image-box.default\">\n\t\t\t\t<div class=\"elementor-widget-container\">\n\t\t\t<div class=\"elementor-image-box-wrapper\"><figure class=\"elementor-image-box-img\"><img decoding=\"async\" src=\"https:\/\/yoagenciadeportivo.es\/wp-content\/uploads\/2024\/09\/pexels-ryutaro-6249385-scaled-e1726765600557.jpg\" title=\"pexels-ryutaro-6249385\" alt=\"pexels-ryutaro-6249385\" loading=\"lazy\" \/><\/figure><div class=\"elementor-image-box-content\"><p class=\"elementor-image-box-description\">\u00c1tigazol\u00e1si strat\u00e9gia meghat\u00e1roz\u00e1sa, prom\u00f3ci\u00f3 , szerz\u0151d\u00e9sk\u00f6t\u00e9s el\u0151k\u00e9sz\u00edt\u00e9se, szerz\u0151d\u00e9s t\u00e1rgyal\u00e1sa, , karrier  management<\/p><\/div><\/div>\t\t<\/div>\n\t\t\t\t<\/div>\n\t\t\t\t<\/div>\n\t\t\t\t<\/div>\n\t\t\t\t\t<\/div>\n\t\t\t\t<\/div>\n\t\t\t\t<\/div>","protected":false},"excerpt":{"rendered":"<p>Szolg\u00e1ltat\u00e1s Eddigi sikerek Igazol\u00e1s 0 Klub 0 Szerz\u0151d\u00e9s 0 Tan\u00e1csad\u00e1s Jogi, p\u00e9nz\u00fcgyi, eg\u00e9szs\u00e9g\u00fcgyi konzult\u00e1ci\u00f3 szervez\u00e9se menedzsment Marketing strat\u00e9gia kialak\u00edt\u00e1sa, k\u00f6z\u00f6ss\u00e9gi m\u00e9dia, arculati jogok szakmai k\u00e9pviselet \u00c1tigazol\u00e1si strat\u00e9gia meghat\u00e1roz\u00e1sa, prom\u00f3ci\u00f3 , szerz\u0151d\u00e9sk\u00f6t\u00e9s el\u0151k\u00e9sz\u00edt\u00e9se, szerz\u0151d\u00e9s t\u00e1rgyal\u00e1sa, , karrier management<\/p>","protected":false},"author":1,"featured_media":0,"parent":0,"menu_order":0,"comment_status":"closed","ping_status":"closed","template":"","meta":{"footnotes":""},"class_list":["post-48","page","type-page","status-publish","hentry"],"_links":{"self":[{"href":"https:\/\/yoagenciadeportivo.es\/es\/wp-json\/wp\/v2\/pages\/48","targetHints":{"allow":["GET"]}}],"collection":[{"href":"https:\/\/yoagenciadeportivo.es\/es\/wp-json\/wp\/v2\/pages"}],"about":[{"href":"https:\/\/yoagenciadeportivo.es\/es\/wp-json\/wp\/v2\/types\/page"}],"author":[{"embeddable":true,"href":"https:\/\/yoagenciadeportivo.es\/es\/wp-json\/wp\/v2\/users\/1"}],"replies":[{"embeddable":true,"href":"https:\/\/yoagenciadeportivo.es\/es\/wp-json\/wp\/v2\/comments?post=48"}],"version-history":[{"count":10,"href":"https:\/\/yoagenciadeportivo.es\/es\/wp-json\/wp\/v2\/pages\/48\/revisions"}],"predecessor-version":[{"id":248,"href":"https:\/\/yoagenciadeportivo.es\/es\/wp-json\/wp\/v2\/pages\/48\/revisions\/248"}],"wp:attachment":[{"href":"https:\/\/yoagenciadeportivo.es\/es\/wp-json\/wp\/v2\/media?parent=48"}],"curies":[{"name":"wp","href":"https:\/\/api.w.org\/{rel}","templated":true}]}}